{"id":551,"date":"2024-08-14T11:02:23","date_gmt":"2024-08-14T09:02:23","guid":{"rendered":"https:\/\/jc1motorsport.com\/?post_type=product&#038;p=551"},"modified":"2024-08-14T11:06:34","modified_gmt":"2024-08-14T09:06:34","slug":"centralita-kit-rapid-bike-racing-arnes-cableado-controlador","status":"publish","type":"product","link":"https:\/\/repromoto.es\/en\/product\/centralita-kit-rapid-bike-racing-arnes-cableado-controlador\/","title":{"rendered":"Centralita kit Rapid bike Racing + Arnes cableado + controlador"},"content":{"rendered":"<p>El pack incluye rapid bike Racing incluye<\/p>\n<p><strong>1.-Rapid Bike Racing:<\/strong><\/p>\n<div id=\"main-content-a4123f0d4564feb72d159e634c5ed90c\" class=\"content-block content-titoletto\">\n<h2 class=\"sep-xs sep-l\">ENJOY RACING!<\/h2>\n<\/div>\n<div id=\"main-content-5fa37515d213bf0aaebef0949740ed37\" class=\"content-block content-testo\">\n<p>La unidad de control Rapid Bike RACING representa la tecnolog\u00eda m\u00e1s avanzada para llevar una moto a su m\u00e1ximo rendimiento, gracias a soluciones sumamente apreciadas tanto en el \u00e1mbito deportivo como para el uso en carretera.<\/p>\n<\/div>\n<div id=\"main-content-775f6958cee4924dd8919abc8407877c\" class=\"content-block content-gallery\">\n<div class=\"content-gallery-carousel slick-initialized slick-slider\" data-carousel=\"{&quot;arrows&quot;:true}\">\n<p><img loading=\"lazy\" decoding=\"async\" class=\"img-fluid\" src=\"https:\/\/www.dimsport.es\/admin\/public\/pagina_traduzione\/thumb999_RapidBike_Racing_prodotto2_1557084963.png\" alt=\"\" width=\"328\" height=\"305\" \/><img loading=\"lazy\" decoding=\"async\" class=\"img-fluid\" src=\"https:\/\/www.dimsport.es\/admin\/public\/pagina_traduzione\/thumb999_RapidBike_Racing_prodotto3_1557084977.png\" alt=\"\" width=\"371\" height=\"304\" \/><\/p>\n<div class=\"slick-list draggable\">\n<div class=\"slick-track\">\n<div class=\"image slick-slide slick-cloned\" data-slick-index=\"2\" aria-hidden=\"true\"><strong>\u00a1CON LA CENTRALITA RACING NO TENDR\u00c1S RIVALES!<\/strong><\/div>\n<\/div>\n<\/div>\n<\/div>\n<\/div>\n<div id=\"main-content-4bc4ce781623567fa200f7dd5e7b0766\" class=\"content-block content-testo\">\n<p>A partir de los est\u00e1ndares de calidad de la centralita Rapid Bike EVO, la unidad de control RACING est\u00e1 pensada para controlar funciones adicionales que hacen de ella un punto de referencia para el sector de la competici\u00f3n.<\/p>\n<p><strong>MAPA DE AVANCE\u00a0<\/strong>con la gesti\u00f3n de la se\u00f1al del eje motor para un control preciso y puntual de las fases de inyecci\u00f3n y encendido.<\/p>\n<p><strong>FRENO MOTOR\u00a0<\/strong>gestionado en desaceleraci\u00f3n, para eliminar el salto del tren trasero al frenar y para mejorar la estabilidad del veh\u00edculo en curvas.<\/p>\n<p><strong>LIMITADOR PIT-LANE\u00a0<\/strong>puede activarse mediante un interruptor en el manillar, sirve para reducir la entrega de potencia y limitar la velocidad en la zona de boxes.<\/p>\n<p><strong>DUAL SETTING\u00a0<\/strong>para la optimizaci\u00f3n de los par\u00e1metros principales del motor gracias a la posibilidad de seleccionar, en tiempo real, la mejor configuraci\u00f3n posible de las dos disponibles.<\/p>\n<\/div>\n<p><strong>2.- Arnes de cableado <\/strong>espec\u00edfico para tu moto<\/p>\n<p><strong>3.-Controlador Youtune<\/strong><\/p>\n<p>La instalaci\u00f3n del controlador YouTune permite activar y gestionar funciones adicionales:<\/p>\n<p>GESTI\u00d3N EN TIEMPO REAL de funciones como el cambio de los par\u00e1metros para la autocorrecci\u00f3n del mapa de inyecci\u00f3n, la calibraci\u00f3n de la intervenci\u00f3n del freno motor, el ajuste de los tiempos de corte del cambio electr\u00f3nico (opcional) y la visualizaci\u00f3n de una serie de par\u00e1metros de funcionamiento del motor<\/p>\n<p>FRENO MOTOR manejado en desaceleraci\u00f3n, para eliminar el salto del tren trasero al frenar y para mejorar la estabilidad del veh\u00edculo en curvas<\/p>\n<p>LIMITADOR DE VELOCIDAD mediante el control de las RPM para una gesti\u00f3n gradual de la entrega de la potencia del motor<\/p>\n<p>&nbsp;<\/p>","protected":false},"excerpt":{"rendered":"<p>En Vialmotor Sport somos distribuidores oficiales de Rapid bike. Aprovecha esta oportunidad y te instalamos la tuya en tu moto. Y s\u00ed decides vender tu moto, cons\u00faltanos para ver las compatibilidades porque tu centralita tambi\u00e9n te la podr\u00e1s llevar.<\/p>\n<p>Recuerda informar del a\u00f1o, marca y modelo de tu moto en las notas de pedido que encontrar\u00e1s al finalizar la compra y si tienes cualquier duda, cont\u00e1ctanos en el tlf 654 83 78 14 de 9h a 18h.<\/p>\n<p>El pack incluye rapid bike Racing incluye<\/p>\n<p><strong>1.-Rapid Bike Racing:<\/strong><\/p>\n<div id=\"main-content-a4123f0d4564feb72d159e634c5ed90c\" class=\"content-block content-titoletto\">\n<h2 class=\"sep-xs sep-l\">ENJOY RACING!<\/h2>\n<\/div>\n<div id=\"main-content-5fa37515d213bf0aaebef0949740ed37\" class=\"content-block content-testo\">\n<p>La unidad de control Rapid Bike RACING representa la tecnolog\u00eda m\u00e1s avanzada para llevar una moto a su m\u00e1ximo rendimiento, gracias a soluciones sumamente apreciadas tanto en el \u00e1mbito deportivo como para el uso en carretera.<\/p>\n<\/div>\n<div id=\"main-content-775f6958cee4924dd8919abc8407877c\" class=\"content-block content-gallery\">\n<div class=\"content-gallery-carousel slick-initialized slick-slider\" data-carousel=\"{&quot;arrows&quot;:true}\">\n<p><img loading=\"lazy\" decoding=\"async\" class=\"img-fluid\" src=\"https:\/\/www.dimsport.es\/admin\/public\/pagina_traduzione\/thumb999_RapidBike_Racing_prodotto2_1557084963.png\" alt=\"\" width=\"328\" height=\"305\" \/><img loading=\"lazy\" decoding=\"async\" class=\"img-fluid\" src=\"https:\/\/www.dimsport.es\/admin\/public\/pagina_traduzione\/thumb999_RapidBike_Racing_prodotto3_1557084977.png\" alt=\"\" width=\"371\" height=\"304\" \/><\/p>\n<div class=\"slick-list draggable\">\n<div class=\"slick-track\">\n<div class=\"image slick-slide slick-cloned\" data-slick-index=\"2\" aria-hidden=\"true\"><strong>\u00a1CON LA CENTRALITA RACING NO TENDR\u00c1S RIVALES!<\/strong><\/div>\n<\/div>\n<\/div>\n<\/div>\n<\/div>\n<div id=\"main-content-4bc4ce781623567fa200f7dd5e7b0766\" class=\"content-block content-testo\">\n<p>A partir de los est\u00e1ndares de calidad de la centralita Rapid Bike EVO, la unidad de control RACING est\u00e1 pensada para controlar funciones adicionales que hacen de ella un punto de referencia para el sector de la competici\u00f3n.<\/p>\n<p><strong>MAPA DE AVANCE\u00a0<\/strong>con la gesti\u00f3n de la se\u00f1al del eje motor para un control preciso y puntual de las fases de inyecci\u00f3n y encendido.<\/p>\n<p><strong>FRENO MOTOR\u00a0<\/strong>gestionado en desaceleraci\u00f3n, para eliminar el salto del tren trasero al frenar y para mejorar la estabilidad del veh\u00edculo en curvas.<\/p>\n<p><strong>LIMITADOR PIT-LANE\u00a0<\/strong>puede activarse mediante un interruptor en el manillar, sirve para reducir la entrega de potencia y limitar la velocidad en la zona de boxes.<\/p>\n<p><strong>DUAL SETTING\u00a0<\/strong>para la optimizaci\u00f3n de los par\u00e1metros principales del motor gracias a la posibilidad de seleccionar, en tiempo real, la mejor configuraci\u00f3n posible de las dos disponibles.<\/p>\n<\/div>\n<p><strong>2.- Arnes de cableado <\/strong>espec\u00edfico para tu moto<\/p>\n<p><strong>3.-Controlador Youtune<\/strong><\/p>\n<p>La instalaci\u00f3n del controlador YouTune permite activar y gestionar funciones adicionales:<\/p>\n<p>GESTI\u00d3N EN TIEMPO REAL de funciones como el cambio de los par\u00e1metros para la autocorrecci\u00f3n del mapa de inyecci\u00f3n, la calibraci\u00f3n de la intervenci\u00f3n del freno motor, el ajuste de los tiempos de corte del cambio electr\u00f3nico (opcional) y la visualizaci\u00f3n de una serie de par\u00e1metros de funcionamiento del motor<\/p>\n<p>FRENO MOTOR manejado en desaceleraci\u00f3n, para eliminar el salto del tren trasero al frenar y para mejorar la estabilidad del veh\u00edculo en curvas<\/p>\n<p>LIMITADOR DE VELOCIDAD mediante el control de las RPM para una gesti\u00f3n gradual de la entrega de la potencia del motor<\/p>\n<p>&nbsp;<\/p>","protected":false},"featured_media":554,"comment_status":"open","ping_status":"closed","template":"","meta":{"_joinchat":{"telephone":"+34654837814"}},"product_cat":[65,68,66],"product_tag":[69],"class_list":{"0":"post-551","1":"product","2":"type-product","3":"status-publish","4":"has-post-thumbnail","6":"product_cat-centralitas","7":"product_cat-rapid-bike","8":"product_cat-taller","9":"product_tag-centralita","10":"product_shipping_class-recogida-en-taller","12":"first","13":"instock","14":"shipping-taxable","15":"purchasable","16":"product-type-simple"},"_links":{"self":[{"href":"https:\/\/repromoto.es\/en\/wp-json\/wp\/v2\/product\/551","targetHints":{"allow":["GET"]}}],"collection":[{"href":"https:\/\/repromoto.es\/en\/wp-json\/wp\/v2\/product"}],"about":[{"href":"https:\/\/repromoto.es\/en\/wp-json\/wp\/v2\/types\/product"}],"replies":[{"embeddable":true,"href":"https:\/\/repromoto.es\/en\/wp-json\/wp\/v2\/comments?post=551"}],"wp:featuredmedia":[{"embeddable":true,"href":"https:\/\/repromoto.es\/en\/wp-json\/wp\/v2\/media\/554"}],"wp:attachment":[{"href":"https:\/\/repromoto.es\/en\/wp-json\/wp\/v2\/media?parent=551"}],"wp:term":[{"taxonomy":"product_cat","embeddable":true,"href":"https:\/\/repromoto.es\/en\/wp-json\/wp\/v2\/product_cat?post=551"},{"taxonomy":"product_tag","embeddable":true,"href":"https:\/\/repromoto.es\/en\/wp-json\/wp\/v2\/product_tag?post=551"}],"curies":[{"name":"wp","href":"https:\/\/api.w.org\/{rel}","templated":true}]}}