{"id":550,"date":"2024-08-14T11:02:23","date_gmt":"2024-08-14T09:02:23","guid":{"rendered":"https:\/\/jc1motorsport.com\/?post_type=product&#038;p=550"},"modified":"2024-08-14T11:52:01","modified_gmt":"2024-08-14T09:52:01","slug":"centralita-kit-rapid-bike-evo-arnes-cableado-controlador","status":"publish","type":"product","link":"https:\/\/repromoto.es\/en\/product\/centralita-kit-rapid-bike-evo-arnes-cableado-controlador\/","title":{"rendered":"Centralita kit Rapid bike Evo + Arnes cableado + controlador"},"content":{"rendered":"<p>El pack incluye rapid bike Evo incluye<\/p>\n<p><strong>1.-Rapid Bike Evo:<\/strong><\/p>\n<h2 class=\"sep-xs sep-l\">CONTROL TOTAL DE LA INYECCI\u00d3N<\/h2>\n<p>La unidad de control adicional Rapid Bike EVO ofrece un control total de la carburaci\u00f3n mediante la gesti\u00f3n de todos los inyectores originales (hasta ocho) y de la relaci\u00f3n aire\/gasolina, para poder modificar el mapa de inyecci\u00f3n a lo largo de toda la curva de funcionamiento del motor sin percepciones de anomal\u00edas.<\/p>\n<p>Por medio de la gesti\u00f3n de la se\u00f1al de la sonda lambda garantizamos el correcto funcionamiento de la exclusiva funci\u00f3n de autoadaptaci\u00f3n: la carburaci\u00f3n se ajusta autom\u00e1ticamente durante la conducci\u00f3n del veh\u00edculo. El mapa de inyecci\u00f3n se convierte en un factor din\u00e1mico y flexible, adapt\u00e1ndose a la perfecci\u00f3n a las condiciones atmosf\u00e9ricas y al estilo de conducci\u00f3n. Las ventajas m\u00e1s importantes se obtienen en los reg\u00edmenes bajos y medios, corrigiendo las oscilaciones t\u00edpicas del motor debidas a las restricciones en materia de contaminaci\u00f3n, cada vez m\u00e1s restrictivas.<\/p>\n<h3 class=\"red\">CONTROL TOTAL DE LA CARBURACI\u00d3N \u00a1PARA APROVECHAR AL M\u00c1XIMO EL POTENCIAL DE TU MOTO!<\/h3>\n<p>Rapid Bike EVO soporta el cambio electr\u00f3nico (opcional), la gesti\u00f3n m\u00faltiple de mapas, la variaci\u00f3n de las revoluciones del motor (hasta + 1000 rpm) y la eliminaci\u00f3n del limitador de velocidad.<\/p>\n<p>Adem\u00e1s, en los motores bicil\u00edndricos provistos de dos sondas lambda se puede programar un mapa y una estrategia de autocorrecci\u00f3n espec\u00edfica para cada cilindro.<\/p>\n<p><strong>2.- Arnes de cableado <\/strong>espec\u00edfico para tu moto<\/p>\n<p><strong>3.-Controlador Youtune<\/strong><\/p>\n<p>La instalaci\u00f3n del controlador YouTune permite activar y gestionar funciones adicionales:<\/p>\n<p>GESTI\u00d3N EN TIEMPO REAL de funciones como el cambio de los par\u00e1metros para la autocorrecci\u00f3n del mapa de inyecci\u00f3n, la calibraci\u00f3n de la intervenci\u00f3n del freno motor, el ajuste de los tiempos de corte del cambio electr\u00f3nico (opcional) y la visualizaci\u00f3n de una serie de par\u00e1metros de funcionamiento del motor<\/p>\n<p>FRENO MOTOR manejado en desaceleraci\u00f3n, para eliminar el salto del tren trasero al frenar y para mejorar la estabilidad del veh\u00edculo en curvas<\/p>\n<p>LIMITADOR DE VELOCIDAD mediante el control de las RPM para una gesti\u00f3n gradual de la entrega de la potencia del motor<\/p>\n<p><strong>3.- Arnes de cableado espec\u00edfico para tu moto<\/strong><\/p>","protected":false},"excerpt":{"rendered":"<p>En Vialmotor Sport somos distribuidores oficiales de Rapid bike. Aprovecha esta oportunidad y te instalamos la tuya en tu moto. Y s\u00ed decides vender tu moto, cons\u00faltanos para ver las compatibilidades porque tu centralita tambi\u00e9n te la podr\u00e1s llevar.<\/p>\n<p>Recuerda informar del a\u00f1o, marca y modelo de tu moto en las notas de pedido que encontrar\u00e1s al finalizar la compra y si tienes cualquier duda, cont\u00e1ctanos en el tlf 654 837 814 de 9h a 18h.<\/p>\n<p>El pack incluye rapid bike Evo incluye<\/p>\n<p><strong>1.-Rapid Bike Evo:<\/strong><\/p>\n<h2 class=\"sep-xs sep-l\">CONTROL TOTAL DE LA INYECCI\u00d3N<\/h2>\n<p>La unidad de control adicional Rapid Bike EVO ofrece un control total de la carburaci\u00f3n mediante la gesti\u00f3n de todos los inyectores originales (hasta ocho) y de la relaci\u00f3n aire\/gasolina, para poder modificar el mapa de inyecci\u00f3n a lo largo de toda la curva de funcionamiento del motor sin percepciones de anomal\u00edas.<\/p>\n<p>Por medio de la gesti\u00f3n de la se\u00f1al de la sonda lambda garantizamos el correcto funcionamiento de la exclusiva funci\u00f3n de autoadaptaci\u00f3n: la carburaci\u00f3n se ajusta autom\u00e1ticamente durante la conducci\u00f3n del veh\u00edculo. El mapa de inyecci\u00f3n se convierte en un factor din\u00e1mico y flexible, adapt\u00e1ndose a la perfecci\u00f3n a las condiciones atmosf\u00e9ricas y al estilo de conducci\u00f3n. Las ventajas m\u00e1s importantes se obtienen en los reg\u00edmenes bajos y medios, corrigiendo las oscilaciones t\u00edpicas del motor debidas a las restricciones en materia de contaminaci\u00f3n, cada vez m\u00e1s restrictivas.<\/p>\n<h3 class=\"red\">CONTROL TOTAL DE LA CARBURACI\u00d3N \u00a1PARA APROVECHAR AL M\u00c1XIMO EL POTENCIAL DE TU MOTO!<\/h3>\n<p>Rapid Bike EVO soporta el cambio electr\u00f3nico (opcional), la gesti\u00f3n m\u00faltiple de mapas, la variaci\u00f3n de las revoluciones del motor (hasta + 1000 rpm) y la eliminaci\u00f3n del limitador de velocidad.<\/p>\n<p>Adem\u00e1s, en los motores bicil\u00edndricos provistos de dos sondas lambda se puede programar un mapa y una estrategia de autocorrecci\u00f3n espec\u00edfica para cada cilindro.<\/p>\n<p><strong>2.- Arnes de cableado <\/strong>espec\u00edfico para tu moto<\/p>\n<p><strong>3.-Controlador Youtune<\/strong><\/p>\n<p>La instalaci\u00f3n del controlador YouTune permite activar y gestionar funciones adicionales:<\/p>\n<p>GESTI\u00d3N EN TIEMPO REAL de funciones como el cambio de los par\u00e1metros para la autocorrecci\u00f3n del mapa de inyecci\u00f3n, la calibraci\u00f3n de la intervenci\u00f3n del freno motor, el ajuste de los tiempos de corte del cambio electr\u00f3nico (opcional) y la visualizaci\u00f3n de una serie de par\u00e1metros de funcionamiento del motor<\/p>\n<p>FRENO MOTOR manejado en desaceleraci\u00f3n, para eliminar el salto del tren trasero al frenar y para mejorar la estabilidad del veh\u00edculo en curvas<\/p>\n<p>LIMITADOR DE VELOCIDAD mediante el control de las RPM para una gesti\u00f3n gradual de la entrega de la potencia del motor<\/p>\n<p><strong>3.- Arnes de cableado espec\u00edfico para tu moto<\/strong><\/p>","protected":false},"featured_media":552,"comment_status":"open","ping_status":"closed","template":"","meta":{"_joinchat":[]},"product_cat":[65,68,66],"product_tag":[69],"class_list":{"0":"post-550","1":"product","2":"type-product","3":"status-publish","4":"has-post-thumbnail","6":"product_cat-centralitas","7":"product_cat-rapid-bike","8":"product_cat-taller","9":"product_tag-centralita","10":"product_shipping_class-recogida-en-taller","12":"first","13":"instock","14":"shipping-taxable","15":"purchasable","16":"product-type-simple"},"_links":{"self":[{"href":"https:\/\/repromoto.es\/en\/wp-json\/wp\/v2\/product\/550","targetHints":{"allow":["GET"]}}],"collection":[{"href":"https:\/\/repromoto.es\/en\/wp-json\/wp\/v2\/product"}],"about":[{"href":"https:\/\/repromoto.es\/en\/wp-json\/wp\/v2\/types\/product"}],"replies":[{"embeddable":true,"href":"https:\/\/repromoto.es\/en\/wp-json\/wp\/v2\/comments?post=550"}],"wp:featuredmedia":[{"embeddable":true,"href":"https:\/\/repromoto.es\/en\/wp-json\/wp\/v2\/media\/552"}],"wp:attachment":[{"href":"https:\/\/repromoto.es\/en\/wp-json\/wp\/v2\/media?parent=550"}],"wp:term":[{"taxonomy":"product_cat","embeddable":true,"href":"https:\/\/repromoto.es\/en\/wp-json\/wp\/v2\/product_cat?post=550"},{"taxonomy":"product_tag","embeddable":true,"href":"https:\/\/repromoto.es\/en\/wp-json\/wp\/v2\/product_tag?post=550"}],"curies":[{"name":"wp","href":"https:\/\/api.w.org\/{rel}","templated":true}]}}