{"id":246,"date":"2024-02-21T00:44:10","date_gmt":"2024-02-20T23:44:10","guid":{"rendered":"https:\/\/jc1motorsport.com\/?post_type=product&#038;p=246"},"modified":"2025-06-30T13:38:05","modified_gmt":"2025-06-30T11:38:05","slug":"repro-de-ecu","status":"publish","type":"product","link":"https:\/\/repromoto.es\/en\/product\/repro-de-ecu\/","title":{"rendered":"Repro de ECU"},"content":{"rendered":"<p><strong>Para optimizar el rendimiento, pasa de tu ECU STANDAR a una ECU REPROGRAMADA.<\/strong><\/p>\n<p>En la actualidad, las motocicletas salen de f\u00e1brica meticulosamente ajustadas para cumplir con las normativas anticontaminaci\u00f3n y garantizar consumos eficientes. Este ajuste, que abarca la configuraci\u00f3n original de la moto, incluyendo elementos como el escape, el filtro de aire y el motor, se realiza con el objetivo de ofrecer un rendimiento equilibrado y acorde a las expectativas del usuario<\/p>","protected":false},"excerpt":{"rendered":"<p><strong>Para optimizar el rendimiento, pasa de tu ECU STANDAR a una ECU REPROGRAMADA.<\/strong><\/p>\n<p>En la actualidad, las motocicletas salen de f\u00e1brica meticulosamente ajustadas para cumplir con las normativas anticontaminaci\u00f3n y garantizar consumos eficientes. Este ajuste, que abarca la configuraci\u00f3n original de la moto, incluyendo elementos como el escape, el filtro de aire y el motor, se realiza con el objetivo de ofrecer un rendimiento equilibrado y acorde a las expectativas del usuario.<\/p>\n<p>Una vez recibamos tu pedido, nuestro t\u00e9cnico te contactar\u00e1 para concertar tu cita.<\/p>\n<p><strong>Nota: Generalmente el tiempo de preparaci\u00f3n es de 1-3 d\u00eda desde que entregas la moto, consulta con el t\u00e9cnico una vez te contactemos.<\/strong><\/p>\n<p>Polig Ind. Tartessos calle Alquer\u00eda nave 166. Huelva.<\/p>\n<p>&nbsp;<\/p>","protected":false},"featured_media":97,"comment_status":"open","ping_status":"closed","template":"","meta":{"_joinchat":{"telephone":"+34654837814","message_text":"Te ayudamos"}},"product_cat":[18],"product_tag":[],"class_list":{"0":"post-246","1":"product","2":"type-product","3":"status-publish","4":"has-post-thumbnail","6":"product_cat-reprogramacion","8":"first","9":"instock","10":"virtual","11":"purchasable","12":"product-type-simple"},"_links":{"self":[{"href":"https:\/\/repromoto.es\/en\/wp-json\/wp\/v2\/product\/246","targetHints":{"allow":["GET"]}}],"collection":[{"href":"https:\/\/repromoto.es\/en\/wp-json\/wp\/v2\/product"}],"about":[{"href":"https:\/\/repromoto.es\/en\/wp-json\/wp\/v2\/types\/product"}],"replies":[{"embeddable":true,"href":"https:\/\/repromoto.es\/en\/wp-json\/wp\/v2\/comments?post=246"}],"wp:featuredmedia":[{"embeddable":true,"href":"https:\/\/repromoto.es\/en\/wp-json\/wp\/v2\/media\/97"}],"wp:attachment":[{"href":"https:\/\/repromoto.es\/en\/wp-json\/wp\/v2\/media?parent=246"}],"wp:term":[{"taxonomy":"product_cat","embeddable":true,"href":"https:\/\/repromoto.es\/en\/wp-json\/wp\/v2\/product_cat?post=246"},{"taxonomy":"product_tag","embeddable":true,"href":"https:\/\/repromoto.es\/en\/wp-json\/wp\/v2\/product_tag?post=246"}],"curies":[{"name":"wp","href":"https:\/\/api.w.org\/{rel}","templated":true}]}}