{"id":26,"date":"2023-09-30T07:46:34","date_gmt":"2023-09-30T05:46:34","guid":{"rendered":"https:\/\/jc1motorsport.com\/?page_id=26"},"modified":"2024-12-22T19:09:18","modified_gmt":"2024-12-22T18:09:18","slug":"inicio","status":"publish","type":"page","link":"https:\/\/repromoto.es\/en\/","title":{"rendered":"Start"},"content":{"rendered":"<div class=\"slider-wrapper relative\" id=\"slider-1009400812\" >\n    <div class=\"slider slider-nav-circle slider-nav-large slider-nav-light slider-style-normal\"\n        data-flickity-options='{            \"cellAlign\": \"center\",            \"imagesLoaded\": true,            \"lazyLoad\": 1,            \"freeScroll\": false,            \"wrapAround\": true,            \"autoPlay\": 6000,            \"pauseAutoPlayOnHover\" : true,            \"prevNextButtons\": true,            \"contain\" : true,            \"adaptiveHeight\" : true,            \"dragThreshold\" : 10,            \"percentPosition\": true,            \"pageDots\": true,            \"rightToLeft\": false,            \"draggable\": true,            \"selectedAttraction\": 0.1,            \"parallax\" : 0,            \"friction\": 0.6        }'\n        >\n        \n\n\t<div class=\"img has-hover x md-x lg-x y md-y lg-y\" id=\"image_547786990\">\n\t\t\t\t\t\t\t\t<div class=\"img-inner image-cover dark\" style=\"padding-top:56.25%;\">\n\t\t\t<img loading=\"lazy\" decoding=\"async\" width=\"1020\" height=\"1020\" src=\"https:\/\/repromoto.es\/wp-content\/uploads\/2024\/11\/Diseno-sin-titulo-2.png\" class=\"attachment-large size-large\" alt=\"\" srcset=\"https:\/\/repromoto.es\/wp-content\/uploads\/2024\/11\/Diseno-sin-titulo-2.png 1024w, https:\/\/repromoto.es\/wp-content\/uploads\/2024\/11\/Diseno-sin-titulo-2-300x300.png 300w, https:\/\/repromoto.es\/wp-content\/uploads\/2024\/11\/Diseno-sin-titulo-2-150x150.png 150w, https:\/\/repromoto.es\/wp-content\/uploads\/2024\/11\/Diseno-sin-titulo-2-768x768.png 768w, https:\/\/repromoto.es\/wp-content\/uploads\/2024\/11\/Diseno-sin-titulo-2-12x12.png 12w, https:\/\/repromoto.es\/wp-content\/uploads\/2024\/11\/Diseno-sin-titulo-2-600x600.png 600w, https:\/\/repromoto.es\/wp-content\/uploads\/2024\/11\/Diseno-sin-titulo-2-100x100.png 100w\" sizes=\"auto, (max-width: 1020px) 100vw, 1020px\" \/>\t\t\t\t\t\t\n\t\t\t\t\t<\/div>\n\t\t\t\t\t\t\t\t\n<style>\n#image_547786990 {\n  width: 100%;\n}\n<\/style>\n\t<\/div>\n\t\n\n\t<div class=\"img has-hover x md-x lg-x y md-y lg-y\" id=\"image_1468798967\">\n\t\t\t\t\t\t\t\t<div class=\"img-inner image-cover dark\" style=\"padding-top:50%;\">\n\t\t\t<img loading=\"lazy\" decoding=\"async\" width=\"1024\" height=\"1024\" src=\"https:\/\/repromoto.es\/wp-content\/uploads\/2024\/11\/Diseno-sin-titulo-2.png\" class=\"attachment-original size-original\" alt=\"\" srcset=\"https:\/\/repromoto.es\/wp-content\/uploads\/2024\/11\/Diseno-sin-titulo-2.png 1024w, https:\/\/repromoto.es\/wp-content\/uploads\/2024\/11\/Diseno-sin-titulo-2-300x300.png 300w, https:\/\/repromoto.es\/wp-content\/uploads\/2024\/11\/Diseno-sin-titulo-2-150x150.png 150w, https:\/\/repromoto.es\/wp-content\/uploads\/2024\/11\/Diseno-sin-titulo-2-768x768.png 768w, https:\/\/repromoto.es\/wp-content\/uploads\/2024\/11\/Diseno-sin-titulo-2-12x12.png 12w, https:\/\/repromoto.es\/wp-content\/uploads\/2024\/11\/Diseno-sin-titulo-2-600x600.png 600w, https:\/\/repromoto.es\/wp-content\/uploads\/2024\/11\/Diseno-sin-titulo-2-100x100.png 100w\" sizes=\"auto, (max-width: 1024px) 100vw, 1024px\" \/>\t\t\t\t\t\t\n\t\t\t\t\t<\/div>\n\t\t\t\t\t\t\t\t\n<style>\n#image_1468798967 {\n  width: 100%;\n}\n<\/style>\n\t<\/div>\n\t\n\n\t<div class=\"img has-hover x md-x lg-x y md-y lg-y\" id=\"image_1930938152\">\n\t\t\t\t\t\t\t\t<div class=\"img-inner image-cover dark\" style=\"padding-top:50%;\">\n\t\t\t<img loading=\"lazy\" decoding=\"async\" width=\"1024\" height=\"1024\" src=\"https:\/\/repromoto.es\/wp-content\/uploads\/2024\/11\/Diseno-sin-titulo-2.png\" class=\"attachment-original size-original\" alt=\"\" srcset=\"https:\/\/repromoto.es\/wp-content\/uploads\/2024\/11\/Diseno-sin-titulo-2.png 1024w, https:\/\/repromoto.es\/wp-content\/uploads\/2024\/11\/Diseno-sin-titulo-2-300x300.png 300w, https:\/\/repromoto.es\/wp-content\/uploads\/2024\/11\/Diseno-sin-titulo-2-150x150.png 150w, https:\/\/repromoto.es\/wp-content\/uploads\/2024\/11\/Diseno-sin-titulo-2-768x768.png 768w, https:\/\/repromoto.es\/wp-content\/uploads\/2024\/11\/Diseno-sin-titulo-2-12x12.png 12w, https:\/\/repromoto.es\/wp-content\/uploads\/2024\/11\/Diseno-sin-titulo-2-600x600.png 600w, https:\/\/repromoto.es\/wp-content\/uploads\/2024\/11\/Diseno-sin-titulo-2-100x100.png 100w\" sizes=\"auto, (max-width: 1024px) 100vw, 1024px\" \/>\t\t\t\t\t\t\n\t\t\t\t\t<\/div>\n\t\t\t\t\t\t\t\t\n<style>\n#image_1930938152 {\n  width: 100%;\n}\n<\/style>\n\t<\/div>\n\t\n\n\n     <\/div>\n\n     <div class=\"loading-spin dark large centered\"><\/div>\n\n\t<\/div>\n\n\n<div class=\"row\"  id=\"row-513376524\">\n\n\n\t<div id=\"col-328291277\" class=\"col small-12 large-12\"  >\n\t\t\t\t<div class=\"col-inner\"  >\n\t\t\t\n\t\t\t\n\n<div class=\"row\"  id=\"row-199271665\">\n\n\n\t<div id=\"col-602367790\" class=\"col medium-2 small-12 large-2\"  >\n\t\t\t\t<div class=\"col-inner\"  >\n\t\t\t\n\t\t\t\n\n\n\t\t<\/div>\n\t\t\t\t\t<\/div>\n\n\t\n\n\t<div id=\"col-1692727436\" class=\"col medium-7 small-12 large-7\"  >\n\t\t\t\t<div class=\"col-inner\"  >\n\t\t\t\n\t\t\t\n\n\t<div id=\"text-1278304688\" class=\"text\">\n\t\t\n\n<h2 class=\"lead\">Da clic para m\u00e1s informaci\u00f3n<\/h2>\n<h4 class=\"lead\">Servicio de Reprogramaci\u00f3n<\/h4>\n\t\t\n<style>\n#text-1278304688 {\n  font-size: 1.3rem;\n  text-align: center;\n}\n<\/style>\n\t<\/div>\n\t\n<a href=\"https:\/\/wa.me\/message\/6Q25M5ERQ6U3J1\" target=\"_self\" class=\"button alert expand\"  >\n    <span>CONTACTAR POR WHATSAPP<\/span>\n  <i class=\"icon-angle-right\" aria-hidden=\"true\" ><\/i><\/a>\n\n\n\n\t\t<\/div>\n\t\t\t\t\t<\/div>\n\n\t\n\n\t<div id=\"col-1878862810\" class=\"col medium-2 small-12 large-2\"  >\n\t\t\t\t<div class=\"col-inner\"  >\n\t\t\t\n\t\t\t\n\n\n\t\t<\/div>\n\t\t\t\t\t<\/div>\n\n\t\n\n<\/div>\n\t<div id=\"text-1048012366\" class=\"text\">\n\t\t\n\n<h2 class=\"lead\">Specialist center for engine and electronic preparations. Optimize the performance of your engine.<\/h2>\n<h2 class=\"lead\" style=\"text-align: center;\"><em style=\"color: #555555; font-size: 14.4px;\">PERFORMANCE TO RACE&nbsp;<\/em><\/h2>\n\t\t\n<style>\n#text-1048012366 {\n  text-align: center;\n}\n<\/style>\n\t<\/div>\n\t\n\n\t\t<\/div>\n\t\t\t\t\t<\/div>\n\n\t\n\n<\/div>\n<div class=\"row\"  id=\"row-204788239\">\n\n\n\t<div id=\"col-1925665561\" class=\"col medium-4 small-12 large-4\"  >\n\t\t\t\t<div class=\"col-inner\"  >\n\t\t\t\n\t\t\t\n\n\n\t<a class=\"plain\" href=\"\/en\/palmares\/\" >\t<div class=\"icon-box featured-box icon-box-center text-center\"  >\n\t\t\t\t\t<div class=\"icon-box-img\" style=\"width: 100px\">\n\t\t\t\t<div class=\"icon\">\n\t\t\t\t\t<div class=\"icon-inner\" >\n\t\t\t\t\t\t<img loading=\"lazy\" decoding=\"async\" width=\"100\" height=\"100\" src=\"https:\/\/repromoto.es\/wp-content\/uploads\/2023\/09\/icons8-motocicleta-100.png\" class=\"attachment-medium size-medium\" alt=\"\" \/>\t\t\t\t\t<\/div>\n\t\t\t\t<\/div>\n\t\t\t<\/div>\n\t\t\t\t<div class=\"icon-box-text last-reset\">\n\t\t\t\t\t\t\t\t\t\n\n<h3><a href=\"https:\/\/jc1motorsport.com\/palmares\/\">more than 30 years of experience<\/a><\/h3>\n<p>Curriculum de \u00e9xitos<\/p>\n\n\t\t<\/div>\n\t<\/div>\n\t<\/a>\n\t\n\n\t\t<\/div>\n\t\t\t\t\t<\/div>\n\n\t\n\n\t<div id=\"col-160768309\" class=\"col medium-4 small-12 large-4\"  >\n\t\t\t\t<div class=\"col-inner\"  >\n\t\t\t\n\t\t\t\n\n\n\t<a class=\"plain\" href=\"\/en\/formacion-cursos-de-mecanica\/\" >\t<div class=\"icon-box featured-box icon-box-center text-center\"  >\n\t\t\t\t\t<div class=\"icon-box-img\" style=\"width: 100px\">\n\t\t\t\t<div class=\"icon\">\n\t\t\t\t\t<div class=\"icon-inner\" >\n\t\t\t\t\t\t<img loading=\"lazy\" decoding=\"async\" width=\"100\" height=\"100\" src=\"https:\/\/repromoto.es\/wp-content\/uploads\/2023\/09\/icons8-llave-100.png\" class=\"attachment-medium size-medium\" alt=\"\" \/>\t\t\t\t\t<\/div>\n\t\t\t\t<\/div>\n\t\t\t<\/div>\n\t\t\t\t<div class=\"icon-box-text last-reset\">\n\t\t\t\t\t\t\t\t\t\n\n<h3><a href=\"https:\/\/jc1motorsport.com\/servicios\/\">Servicios: Repros y Preparaciones\u00a0<\/a><\/h3>\n<p>Equipos, competici\u00f3n y particulares<\/p>\n\n\t\t<\/div>\n\t<\/div>\n\t<\/a>\n\t\n\n\t\t<\/div>\n\t\t\t\t\t<\/div>\n\n\t\n\n\t<div id=\"col-1767454981\" class=\"col medium-4 small-12 large-4\"  >\n\t\t\t\t<div class=\"col-inner\"  >\n\t\t\t\n\t\t\t\n\n\n\t<a class=\"plain\" href=\"\/en\/servicios\/\" >\t<div class=\"icon-box featured-box icon-box-center text-center\"  >\n\t\t\t\t\t<div class=\"icon-box-img\" style=\"width: 100px\">\n\t\t\t\t<div class=\"icon\">\n\t\t\t\t\t<div class=\"icon-inner\" >\n\t\t\t\t\t\t<img loading=\"lazy\" decoding=\"async\" width=\"100\" height=\"100\" src=\"https:\/\/repromoto.es\/wp-content\/uploads\/2023\/09\/icons8-casco-de-la-moto-100.png\" class=\"attachment-medium size-medium\" alt=\"\" \/>\t\t\t\t\t<\/div>\n\t\t\t\t<\/div>\n\t\t\t<\/div>\n\t\t\t\t<div class=\"icon-box-text last-reset\">\n\t\t\t\t\t\t\t\t\t\n\n<h3><a href=\"https:\/\/jc1motorsport.com\/servicios\/\">Tienda<\/a><\/h3>\n<p>Comprar servicios y productos<\/p>\n\n\t\t<\/div>\n\t<\/div>\n\t<\/a>\n\t\n\n\t\t<\/div>\n\t\t\t\t\t<\/div>\n\n\t\n\n<\/div>\n<div class=\"row\"  id=\"row-1441182669\">\n\n\n\t<div id=\"col-487997615\" class=\"col small-12 large-12\"  >\n\t\t\t\t<div class=\"col-inner text-center\"  >\n\t\t\t\n\t\t\t\n\n<a href=\"\/en\/servicios\/\" target=\"_self\" class=\"button secondary\"  style=\"border-radius:99px;\">\n    <span>WELCOME TO PERFORMANCE TO RACE. ACCESS HERE<\/span>\n  <i class=\"icon-play\" aria-hidden=\"true\" ><\/i><\/a>\n\n\n\n\t\t<\/div>\n\t\t\t\t\t<\/div>\n\n\t\n\n<\/div>\n<div class=\"row\"  id=\"row-2080009729\">\n\n\n\t<div id=\"col-370532184\" class=\"col small-12 large-12\"  >\n\t\t\t\t<div class=\"col-inner\"  >\n\t\t\t\n\t\t\t\n\n<div class=\"container section-title-container\" ><h3 class=\"section-title section-title-bold-center\"><b><\/b><span class=\"section-title-main\" >Our history<\/span><b><\/b><\/h3><\/div>\n\n<div class=\"video video-fit mb\" style=\"padding-top:56.25%;\"><iframe loading=\"lazy\" title=\"Z900 A2 deslimitada y reprogramada\" width=\"1020\" height=\"574\" src=\"https:\/\/www.youtube.com\/embed\/uyhY1nrlfJI?feature=oembed\" frameborder=\"0\" allow=\"accelerometer; autoplay; clipboard-write; encrypted-media; gyroscope; picture-in-picture; web-share\" referrerpolicy=\"strict-origin-when-cross-origin\" allowfullscreen><\/iframe><\/div>\n\n<h3>Bienvenido a REPROMOTO: Expertos en Rendimiento y preparaciones de motos.<\/h3>\n<p>En <strong>REPROMOTO<\/strong>, somos l\u00edderes en <strong>reprogramaci\u00f3n de centralitas<\/strong>, <strong>deslimitaciones de A2,<\/strong> <strong>optimizaci\u00f3n de rendimiento. <\/strong>Adem\u00e1s ofrecemos un extenso cat\u00e1logo de <strong>recambios y neum\u00e1ticos<\/strong> para satisfacer todas las necesidades de los amantes del motociclismo.<\/p>\n<hr \/>\n<h3>Servicios Especializados<\/h3>\n<ol>\n<li>\n<p><strong>Reprogramaci\u00f3n de Centralitas<\/strong><br \/>Ajustamos y personalizamos las centralitas de tu moto para garantizar un rendimiento \u00f3ptimo y adaptado a tu estilo de conducci\u00f3n.<\/p>\n<\/li>\n<li>\n<p><strong>Deslimitaci\u00f3n de Centralitas<\/strong><br \/>Eliminamos las restricciones electr\u00f3nicas y mec\u00e1nicas, permitiendo que disfrutes de todo el potencial de tu motocicleta.\u00a0<\/p>\n<\/li>\n<li>\n<p><strong>Optimizaci\u00f3n y Mapas a Medida<\/strong><br \/>Con nuestro <strong>banco de potencia propio<\/strong>, creamos mapas personalizados que maximizan la eficiencia y potencia de tu moto.<\/p>\n<\/li>\n<li>\n<p><strong>Amplio Stock de Recambios<\/strong><br \/>Disponemos de una amplia gama de <strong>recambios originales y compatibles<\/strong>, desde filtros y buj\u00edas hasta kits de transmisi\u00f3n, para mantener tu moto en perfecto estado.<\/p>\n<\/li>\n<li>\n<p><strong>Neum\u00e1ticos para Todos los Tipos de Moto<\/strong><br \/>Contamos con <strong>neum\u00e1ticos de las mejores marcas<\/strong>, adaptados a motos de carretera, off-road, y competici\u00f3n. Encuentra el juego perfecto para tu estilo de conducci\u00f3n.<\/p>\n<\/li>\n<\/ol>\n<hr \/>\n<h3>\u00bfPor qu\u00e9 elegir REPROMOTO?<\/h3>\n<ul>\n<li><strong>Todo en un Solo Lugar:<\/strong> Desde reprogramaciones avanzadas hasta piezas de repuesto y neum\u00e1ticos, cubrimos todas tus necesidades.<\/li>\n<li><strong>Experiencia y Tecnolog\u00eda:<\/strong> Combinamos a\u00f1os de experiencia con equipos de \u00faltima generaci\u00f3n como nuestro banco de potencia.<\/li>\n<li><strong>Calidad Garantizada:<\/strong> Solo trabajamos con productos y servicios de m\u00e1xima calidad.<\/li>\n<\/ul>\n<hr \/>\n<h3>Conecta con REPROMOTO<\/h3>\n<p>Mejora el rendimiento de tu moto y asegura su mantenimiento con los servicios y productos de <strong>REPROMOTO <\/strong>y descubre todo lo que tenemos para ti.<\/p>\n\n\t\t<\/div>\n\t\t\t\t\t<\/div>\n\n\t\n\n<\/div>\n<div class=\"row\"  id=\"row-996800439\">\n\n\n\t<div id=\"col-1745316973\" class=\"col medium-2 small-12 large-2\"  >\n\t\t\t\t<div class=\"col-inner\"  >\n\t\t\t\n\t\t\t\n\n\n\t\t<\/div>\n\t\t\t\t\t<\/div>\n\n\t\n\n\t<div id=\"col-303635828\" class=\"col medium-7 small-12 large-7\"  >\n\t\t\t\t<div class=\"col-inner\"  >\n\t\t\t\n\t\t\t\n\n\t<div id=\"text-2267665373\" class=\"text\">\n\t\t\n\n<h2 class=\"lead\">Da clic para m\u00e1s informaci\u00f3n<\/h2>\n<h4 class=\"lead\">Servicio de Reprogramaci\u00f3n<\/h4>\n\t\t\n<style>\n#text-2267665373 {\n  font-size: 1.3rem;\n  text-align: center;\n}\n<\/style>\n\t<\/div>\n\t\n<a href=\"https:\/\/wa.me\/message\/6Q25M5ERQ6U3J1\" target=\"_self\" class=\"button alert expand\"  >\n    <span>CONTACTAR POR WHATSAPP<\/span>\n  <i class=\"icon-angle-right\" aria-hidden=\"true\" ><\/i><\/a>\n\n\n\n\t\t<\/div>\n\t\t\t\t\t<\/div>\n\n\t\n\n\t<div id=\"col-164755014\" class=\"col medium-2 small-12 large-2\"  >\n\t\t\t\t<div class=\"col-inner\"  >\n\t\t\t\n\t\t\t\n\n\n\t\t<\/div>\n\t\t\t\t\t<\/div>\n\n\t\n\n<\/div>\n\n  <div class=\"banner has-hover has-parallax\" id=\"banner-208943248\">\n          <div class=\"banner-inner fill\">\n        <div class=\"banner-bg fill\" data-parallax=\"-10\" data-parallax-container=\".banner\" data-parallax-background>\n            <div class=\"bg fill bg-fill\"><\/div>\n                        <div class=\"overlay\"><\/div>            \n                    <\/div>\n\t\t\n        <div class=\"banner-layers container\">\n            <div class=\"fill banner-link\"><\/div>            \n\n   <div id=\"text-box-2090211543\" class=\"text-box banner-layer x50 md-x50 lg-x50 y50 md-y50 lg-y50 res-text\">\n                                <div class=\"text-box-content text dark\">\n              \n              <div class=\"text-inner text-center\">\n                  \n\n\t<div id=\"text-2719593529\" class=\"text\">\n\t\t\n\n<h3>Optimize the performance of your engine.<\/h3>\n<h3>Improves your performance. Contact us!<\/h3>\n\t\t\n<style>\n#text-2719593529 {\n  text-align: center;\n}\n<\/style>\n\t<\/div>\n\t\n<a href=\"https:\/\/wa.me\/message\/6Q25M5ERQ6U3J1\" target=\"_self\" class=\"button white expand\"  >\n    <span>CONTACTAR POR WHATSAPP<\/span>\n  <i class=\"icon-angle-right\" aria-hidden=\"true\" ><\/i><\/a>\n\n\n\n              <\/div>\n           <\/div>\n                            \n<style>\n#text-box-2090211543 {\n  width: 60%;\n}\n#text-box-2090211543 .text-box-content {\n  font-size: 100%;\n}\n<\/style>\n    <\/div>\n \n\n        <\/div>\n      <\/div>\n\n            \n<style>\n#banner-208943248 {\n  padding-top: 500px;\n}\n#banner-208943248 .bg.bg-loaded {\n  background-image: url(https:\/\/repromoto.es\/wp-content\/uploads\/2024\/11\/Historia-instagram-black-friday-promocion-rotated.jpg);\n}\n#banner-208943248 .overlay {\n  background-color: rgba(0, 0, 0, 0.8);\n}\n<\/style>\n  <\/div>","protected":false},"excerpt":{"rendered":"","protected":false},"author":1,"featured_media":0,"parent":0,"menu_order":0,"comment_status":"closed","ping_status":"closed","template":"page-blank.php","meta":{"_joinchat":[],"footnotes":""},"class_list":["post-26","page","type-page","status-publish","hentry"],"_links":{"self":[{"href":"https:\/\/repromoto.es\/en\/wp-json\/wp\/v2\/pages\/26","targetHints":{"allow":["GET"]}}],"collection":[{"href":"https:\/\/repromoto.es\/en\/wp-json\/wp\/v2\/pages"}],"about":[{"href":"https:\/\/repromoto.es\/en\/wp-json\/wp\/v2\/types\/page"}],"author":[{"embeddable":true,"href":"https:\/\/repromoto.es\/en\/wp-json\/wp\/v2\/users\/1"}],"replies":[{"embeddable":true,"href":"https:\/\/repromoto.es\/en\/wp-json\/wp\/v2\/comments?post=26"}],"version-history":[{"count":52,"href":"https:\/\/repromoto.es\/en\/wp-json\/wp\/v2\/pages\/26\/revisions"}],"predecessor-version":[{"id":575,"href":"https:\/\/repromoto.es\/en\/wp-json\/wp\/v2\/pages\/26\/revisions\/575"}],"wp:attachment":[{"href":"https:\/\/repromoto.es\/en\/wp-json\/wp\/v2\/media?parent=26"}],"curies":[{"name":"wp","href":"https:\/\/api.w.org\/{rel}","templated":true}]}}