{"id":212,"date":"2023-12-25T20:06:42","date_gmt":"2023-12-25T19:06:42","guid":{"rendered":"https:\/\/jc1motorsport.com\/?page_id=212"},"modified":"2023-12-25T20:27:28","modified_gmt":"2023-12-25T19:27:28","slug":"formacion-cursos-de-mecanica","status":"publish","type":"page","link":"https:\/\/repromoto.es\/en\/formacion-cursos-de-mecanica\/","title":{"rendered":"FORMACI\u00d3N: CURSOS DE M\u00c9C\u00c1NICA"},"content":{"rendered":"<div class=\"slider-wrapper relative\" id=\"slider-1993761089\" >\n    <div class=\"slider slider-nav-circle slider-nav-large slider-nav-light slider-style-normal\"\n        data-flickity-options='{            \"cellAlign\": \"center\",            \"imagesLoaded\": true,            \"lazyLoad\": 1,            \"freeScroll\": false,            \"wrapAround\": true,            \"autoPlay\": 6000,            \"pauseAutoPlayOnHover\" : true,            \"prevNextButtons\": true,            \"contain\" : true,            \"adaptiveHeight\" : true,            \"dragThreshold\" : 10,            \"percentPosition\": true,            \"pageDots\": true,            \"rightToLeft\": false,            \"draggable\": true,            \"selectedAttraction\": 0.1,            \"parallax\" : 0,            \"friction\": 0.6        }'\n        >\n        \n\n\t<div class=\"img has-hover x md-x lg-x y md-y lg-y\" id=\"image_1421924056\">\n\t\t\t\t\t\t\t\t<div class=\"img-inner image-cover dark\" style=\"padding-top:50%;\">\n\t\t\t<img loading=\"lazy\" decoding=\"async\" width=\"720\" height=\"601\" src=\"https:\/\/repromoto.es\/wp-content\/uploads\/2023\/09\/JC1.9.jpg\" class=\"attachment-original size-original\" alt=\"\" srcset=\"https:\/\/repromoto.es\/wp-content\/uploads\/2023\/09\/JC1.9.jpg 720w, https:\/\/repromoto.es\/wp-content\/uploads\/2023\/09\/JC1.9-600x501.jpg 600w, https:\/\/repromoto.es\/wp-content\/uploads\/2023\/09\/JC1.9-300x250.jpg 300w\" sizes=\"auto, (max-width: 720px) 100vw, 720px\" \/>\t\t\t\t\t\t\n\t\t\t\t\t<\/div>\n\t\t\t\t\t\t\t\t\n<style>\n#image_1421924056 {\n  width: 100%;\n}\n<\/style>\n\t<\/div>\n\t\n\n\t<div class=\"img has-hover x md-x lg-x y md-y lg-y\" id=\"image_268987117\">\n\t\t\t\t\t\t\t\t<div class=\"img-inner image-cover dark\" style=\"padding-top:50%;\">\n\t\t\t<img loading=\"lazy\" decoding=\"async\" width=\"720\" height=\"751\" src=\"https:\/\/repromoto.es\/wp-content\/uploads\/2023\/09\/JC1.8.jpg\" class=\"attachment-original size-original\" alt=\"\" srcset=\"https:\/\/repromoto.es\/wp-content\/uploads\/2023\/09\/JC1.8.jpg 720w, https:\/\/repromoto.es\/wp-content\/uploads\/2023\/09\/JC1.8-600x626.jpg 600w, https:\/\/repromoto.es\/wp-content\/uploads\/2023\/09\/JC1.8-288x300.jpg 288w\" sizes=\"auto, (max-width: 720px) 100vw, 720px\" \/>\t\t\t\t\t\t\n\t\t\t\t\t<\/div>\n\t\t\t\t\t\t\t\t\n<style>\n#image_268987117 {\n  width: 100%;\n}\n<\/style>\n\t<\/div>\n\t\n\n\t<div class=\"img has-hover x md-x lg-x y md-y lg-y\" id=\"image_181371477\">\n\t\t\t\t\t\t\t\t<div class=\"img-inner image-cover dark\" style=\"padding-top:50%;\">\n\t\t\t<img loading=\"lazy\" decoding=\"async\" width=\"720\" height=\"719\" src=\"https:\/\/repromoto.es\/wp-content\/uploads\/2023\/09\/JC1.1.jpg\" class=\"attachment-original size-original\" alt=\"\" srcset=\"https:\/\/repromoto.es\/wp-content\/uploads\/2023\/09\/JC1.1.jpg 720w, https:\/\/repromoto.es\/wp-content\/uploads\/2023\/09\/JC1.1-300x300.jpg 300w, https:\/\/repromoto.es\/wp-content\/uploads\/2023\/09\/JC1.1-100x100.jpg 100w, https:\/\/repromoto.es\/wp-content\/uploads\/2023\/09\/JC1.1-600x599.jpg 600w, https:\/\/repromoto.es\/wp-content\/uploads\/2023\/09\/JC1.1-150x150.jpg 150w\" sizes=\"auto, (max-width: 720px) 100vw, 720px\" \/>\t\t\t\t\t\t\n\t\t\t\t\t<\/div>\n\t\t\t\t\t\t\t\t\n<style>\n#image_181371477 {\n  width: 100%;\n}\n<\/style>\n\t<\/div>\n\t\n\n\n     <\/div>\n\n     <div class=\"loading-spin dark large centered\"><\/div>\n\n\t<\/div>\n\n\n<div class=\"row\"  id=\"row-296775807\">\n\n\n\t<div id=\"col-507799555\" class=\"col small-12 large-12\"  >\n\t\t\t\t<div class=\"col-inner\"  >\n\t\t\t\n\t\t\t\n\n  <div id=\"page-header-306899406\" class=\"page-header-wrapper\">\n  <div class=\"page-title light simple-title\">\n\n    \n    <div class=\"page-title-inner container align-center text-center flex-row-col medium-flex-wrap\" >\n              <div class=\"title-wrapper flex-col\">\n          <h1 class=\"entry-title mb-0\">\n            FORMACI\u00d3N: CURSOS DE M\u00c9C\u00c1NICA          <\/h1>\n        <\/div>\n                    <div class=\"title-content flex-col\">\n              <\/div>\n    <\/div>\n\n       <\/div>\n    <\/div>\n  \n\n\t<div id=\"gap-491338473\" class=\"gap-element clearfix\" style=\"display:block; height:auto;\">\n\t\t\n<style>\n#gap-491338473 {\n  padding-top: 30px;\n}\n<\/style>\n\t<\/div>\n\t\n\n<p><strong>Curso de mec\u00e1nica avanzada. Preparaci\u00f3n de motores. Los c\u00e1lculos espec\u00edficos del \u00e9xito. Todo lo que debes saber para optimizar el rendimiento.<\/strong><\/p>\n\n\t\t<\/div>\n\t\t\t\t\t<\/div>\n\n\t\n\n<\/div>\n<div class=\"row\"  id=\"row-168140994\">\n\n\n\t<div id=\"col-1741951792\" class=\"col medium-6 small-12 large-6\"  >\n\t\t\t\t<div class=\"col-inner\"  >\n\t\t\t\n\t\t\t\n\n<div class=\"container section-title-container\" ><h3 class=\"section-title section-title-center\"><b><\/b><span class=\"section-title-main\" >TEMARIO CURSO DE MEC\u00c1NICA AVANZADA.<\/span><b><\/b><\/h3><\/div>\n\n<ol>\n<li>\u00bfQu\u00e9 es el Squish?. \u00bfPara qu\u00e9 sirve y c\u00f3mo se calcula?.<\/li>\n<li>C\u00e1lculo de cojinetes para carreras.\u00a0<\/li>\n<li>Relaci\u00f3n de compresi\u00f3n real y geom\u00e9trica.\u00a0<\/li>\n<li>Gradeado de \u00e1rboles de levas. Descompresi\u00f3n de carter.\u00a0<\/li>\n<li>Equilibrado tren alternativo.\u00a0<\/li>\n<li>Comprobaci\u00f3n cilindro y pist\u00f3n.\u00a0<\/li>\n<li>Mapas de inyecci\u00f3n.\u00a0<\/li>\n<li>Luz de v\u00e1lvulas. F\u00f3rmulas de c\u00e1lculo.\u00a0<\/li>\n<li>\u2014 Velocidad media del pist\u00f3n.\u00a0<\/li>\n<li>\u2014 Relaci\u00f3n de compresi\u00f3n.\u00a0<\/li>\n<li>\u2014 C\u00e1lculo de geometr\u00edas de escapes.\u00a0<\/li>\n<li>Explicaci\u00f3n detallada de la diferencia del ciclo Otto te\u00f3rico y real y c\u00f3mo afecta a la moto.\u00a0<\/li>\n<li>Preguntas.<\/li>\n<\/ol>\n<ul>\n<li>Fecha: S\u00e1bado 03 de Febrero de 2024<\/li>\n<li>Ubicaci\u00f3n: Instalaciones JC1 Motorsport. Polig. Ind. Tartessos Calle Alquer\u00eda nave 166, Huelva.\u00a0<\/li>\n<li>GPS:\u00a0<a href=\"https:\/\/maps.app.goo.gl\/Rq4zSxEts7whHAoy7\">https:\/\/maps.app.goo.gl\/Rq4zSxEts7whHAoy7<\/a>\u00a0<\/li>\n<\/ul>\n<div class=\"wpb_text_column wpb_content_element\">\n<p class=\"wpb_wrapper\"><em><strong>Planning<\/strong><\/em><br \/>8:30 Bienvenida y caf\u00e9<br \/>9:00 Formaci\u00f3n.<br \/>14:00-15:30 Almuerzo<br \/>15:30-20:00 Formaci\u00f3n<br \/>20:15 Clausura y entrega de diplomas<br \/>20:15-21:30 Bebidas y snacks<\/p>\n<p><strong>Nota: El curso incluye caf\u00e9, bebidas, comida, snacks.<\/strong><\/p>\n<p class=\"wpb_wrapper\"><strong>PVP: 130 \u20ac<\/strong><\/p>\n<\/div>\n<div class=\"wpb_text_column wpb_content_element\">\n<div class=\"wpb_wrapper\">\n<p>Te esperamos<\/p>\n<\/div>\n<\/div>\n<p>\u00a0<\/p>\n<a href=\"https:\/\/vialmotor.com\/producto\/03-febrero-curso-de-mecanica-avanzada-preparacion-de-motores-calculos-del-exito-juan-carlos-aragon\/\" target=\"_self\" class=\"button primary is-bevel\"  style=\"border-radius:99px;\">\n    <span>Comprar<\/span>\n  <\/a>\n\n\n\n\t\t<\/div>\n\t\t\t\t\t<\/div>\n\n\t\n\n\t<div id=\"col-695192469\" class=\"col medium-6 small-12 large-6\"  >\n\t\t\t\t<div class=\"col-inner\"  >\n\t\t\t\n\t\t\t\n\n<div class=\"container section-title-container\" ><h3 class=\"section-title section-title-center\"><b><\/b><span class=\"section-title-main\" >temario curso de interpretaci\u00f3n gr\u00e1fica de centralita de carreras<\/span><b><\/b><\/h3><\/div>\n\n<p>Pr\u00f3ximamente<\/p>\n\n\n\t\t<\/div>\n\t\t\t\t\t<\/div>\n\n\t\n\n<\/div>\n<div class=\"row\"  id=\"row-1040588495\">\n\n\n\t<div id=\"col-265614706\" class=\"col small-12 large-12\"  >\n\t\t\t\t<div class=\"col-inner text-center\"  >\n\t\t\t\n\t\t\t\n\n<a href=\"\/en\/contacto\/\" target=\"_self\" class=\"button secondary\"  style=\"border-radius:99px;\">\n    <span>I WANT A MORE POWERFUL ENGINE<\/span>\n  <\/a>\n\n\n\n\t\t<\/div>\n\t\t\t\t\t<\/div>\n\n\t\n\n<\/div>\n\n  <div class=\"banner has-hover has-parallax\" id=\"banner-405843029\">\n          <div class=\"banner-inner fill\">\n        <div class=\"banner-bg fill\" data-parallax=\"-10\" data-parallax-container=\".banner\" data-parallax-background>\n            <div class=\"bg fill bg-fill\"><\/div>\n                        <div class=\"overlay\"><\/div>            \n                    <\/div>\n\t\t\n        <div class=\"banner-layers container\">\n            <div class=\"fill banner-link\"><\/div>            \n\n   <div id=\"text-box-517529241\" class=\"text-box banner-layer x50 md-x50 lg-x50 y50 md-y50 lg-y50 res-text\">\n                                <div class=\"text-box-content text dark\">\n              \n              <div class=\"text-inner text-center\">\n                  \n\n\t<div id=\"text-1075830435\" class=\"text\">\n\t\t\n\n<h3>Optimize the performance of your engine.<\/h3>\n<h3>Improves your performance. Contact us!<\/h3>\n\t\t\n<style>\n#text-1075830435 {\n  text-align: center;\n}\n<\/style>\n\t<\/div>\n\t\n<a href=\"\/en\/contacto\/\" target=\"_self\" class=\"button primary\"  style=\"border-radius:99px;\">\n    <span>Contact<\/span>\n  <\/a>\n\n\n\n              <\/div>\n           <\/div>\n                            \n<style>\n#text-box-517529241 {\n  width: 60%;\n}\n#text-box-517529241 .text-box-content {\n  font-size: 100%;\n}\n<\/style>\n    <\/div>\n \n\n        <\/div>\n      <\/div>\n\n            \n<style>\n#banner-405843029 {\n  padding-top: 500px;\n}\n#banner-405843029 .bg.bg-loaded {\n  background-image: url(https:\/\/repromoto.es\/wp-content\/uploads\/2023\/09\/JC1.15.jpg);\n}\n#banner-405843029 .overlay {\n  background-color: rgba(0, 0, 0, 0.8);\n}\n<\/style>\n  <\/div>","protected":false},"excerpt":{"rendered":"","protected":false},"author":1,"featured_media":0,"parent":0,"menu_order":0,"comment_status":"closed","ping_status":"closed","template":"page-blank.php","meta":{"_joinchat":[],"footnotes":""},"class_list":["post-212","page","type-page","status-publish","hentry"],"_links":{"self":[{"href":"https:\/\/repromoto.es\/en\/wp-json\/wp\/v2\/pages\/212","targetHints":{"allow":["GET"]}}],"collection":[{"href":"https:\/\/repromoto.es\/en\/wp-json\/wp\/v2\/pages"}],"about":[{"href":"https:\/\/repromoto.es\/en\/wp-json\/wp\/v2\/types\/page"}],"author":[{"embeddable":true,"href":"https:\/\/repromoto.es\/en\/wp-json\/wp\/v2\/users\/1"}],"replies":[{"embeddable":true,"href":"https:\/\/repromoto.es\/en\/wp-json\/wp\/v2\/comments?post=212"}],"version-history":[{"count":3,"href":"https:\/\/repromoto.es\/en\/wp-json\/wp\/v2\/pages\/212\/revisions"}],"predecessor-version":[{"id":215,"href":"https:\/\/repromoto.es\/en\/wp-json\/wp\/v2\/pages\/212\/revisions\/215"}],"wp:attachment":[{"href":"https:\/\/repromoto.es\/en\/wp-json\/wp\/v2\/media?parent=212"}],"curies":[{"name":"wp","href":"https:\/\/api.w.org\/{rel}","templated":true}]}}