{"id":133,"date":"2023-10-06T14:27:45","date_gmt":"2023-10-06T12:27:45","guid":{"rendered":"https:\/\/jc1motorsport.com\/?page_id=133"},"modified":"2024-06-10T17:18:25","modified_gmt":"2024-06-10T15:18:25","slug":"ecu-mapping","status":"publish","type":"page","link":"https:\/\/repromoto.es\/en\/ecu-mapping\/","title":{"rendered":"CENTRALITAS &#8211; MAPEADO &#8211; KIT ADICIONAL"},"content":{"rendered":"<div class=\"slider-wrapper relative\" id=\"slider-1798627886\" >\n    <div class=\"slider slider-nav-circle slider-nav-large slider-nav-light slider-style-normal\"\n        data-flickity-options='{            \"cellAlign\": \"center\",            \"imagesLoaded\": true,            \"lazyLoad\": 1,            \"freeScroll\": false,            \"wrapAround\": true,            \"autoPlay\": 6000,            \"pauseAutoPlayOnHover\" : true,            \"prevNextButtons\": true,            \"contain\" : true,            \"adaptiveHeight\" : true,            \"dragThreshold\" : 10,            \"percentPosition\": true,            \"pageDots\": true,            \"rightToLeft\": false,            \"draggable\": true,            \"selectedAttraction\": 0.1,            \"parallax\" : 0,            \"friction\": 0.6        }'\n        >\n        \n\n\t<div class=\"img has-hover x md-x lg-x y md-y lg-y\" id=\"image_803168838\">\n\t\t\t\t\t\t\t\t<div class=\"img-inner image-cover dark\" style=\"padding-top:50%;\">\n\t\t\t<img loading=\"lazy\" decoding=\"async\" width=\"720\" height=\"601\" src=\"https:\/\/repromoto.es\/wp-content\/uploads\/2023\/09\/JC1.9.jpg\" class=\"attachment-original size-original\" alt=\"\" srcset=\"https:\/\/repromoto.es\/wp-content\/uploads\/2023\/09\/JC1.9.jpg 720w, https:\/\/repromoto.es\/wp-content\/uploads\/2023\/09\/JC1.9-600x501.jpg 600w, https:\/\/repromoto.es\/wp-content\/uploads\/2023\/09\/JC1.9-300x250.jpg 300w\" sizes=\"auto, (max-width: 720px) 100vw, 720px\" \/>\t\t\t\t\t\t\n\t\t\t\t\t<\/div>\n\t\t\t\t\t\t\t\t\n<style>\n#image_803168838 {\n  width: 100%;\n}\n<\/style>\n\t<\/div>\n\t\n\n\t<div class=\"img has-hover x md-x lg-x y md-y lg-y\" id=\"image_1465044496\">\n\t\t\t\t\t\t\t\t<div class=\"img-inner image-cover dark\" style=\"padding-top:50%;\">\n\t\t\t<img loading=\"lazy\" decoding=\"async\" width=\"720\" height=\"751\" src=\"https:\/\/repromoto.es\/wp-content\/uploads\/2023\/09\/JC1.8.jpg\" class=\"attachment-original size-original\" alt=\"\" srcset=\"https:\/\/repromoto.es\/wp-content\/uploads\/2023\/09\/JC1.8.jpg 720w, https:\/\/repromoto.es\/wp-content\/uploads\/2023\/09\/JC1.8-600x626.jpg 600w, https:\/\/repromoto.es\/wp-content\/uploads\/2023\/09\/JC1.8-288x300.jpg 288w\" sizes=\"auto, (max-width: 720px) 100vw, 720px\" \/>\t\t\t\t\t\t\n\t\t\t\t\t<\/div>\n\t\t\t\t\t\t\t\t\n<style>\n#image_1465044496 {\n  width: 100%;\n}\n<\/style>\n\t<\/div>\n\t\n\n\t<div class=\"img has-hover x md-x lg-x y md-y lg-y\" id=\"image_1612199948\">\n\t\t\t\t\t\t\t\t<div class=\"img-inner image-cover dark\" style=\"padding-top:50%;\">\n\t\t\t<img loading=\"lazy\" decoding=\"async\" width=\"720\" height=\"719\" src=\"https:\/\/repromoto.es\/wp-content\/uploads\/2023\/09\/JC1.1.jpg\" class=\"attachment-original size-original\" alt=\"\" srcset=\"https:\/\/repromoto.es\/wp-content\/uploads\/2023\/09\/JC1.1.jpg 720w, https:\/\/repromoto.es\/wp-content\/uploads\/2023\/09\/JC1.1-300x300.jpg 300w, https:\/\/repromoto.es\/wp-content\/uploads\/2023\/09\/JC1.1-100x100.jpg 100w, https:\/\/repromoto.es\/wp-content\/uploads\/2023\/09\/JC1.1-600x599.jpg 600w, https:\/\/repromoto.es\/wp-content\/uploads\/2023\/09\/JC1.1-150x150.jpg 150w\" sizes=\"auto, (max-width: 720px) 100vw, 720px\" \/>\t\t\t\t\t\t\n\t\t\t\t\t<\/div>\n\t\t\t\t\t\t\t\t\n<style>\n#image_1612199948 {\n  width: 100%;\n}\n<\/style>\n\t<\/div>\n\t\n\n\n     <\/div>\n\n     <div class=\"loading-spin dark large centered\"><\/div>\n\n\t<\/div>\n\n\n<div class=\"row\"  id=\"row-1368221950\">\n\n\n\t<div id=\"col-1276426308\" class=\"col small-12 large-12\"  >\n\t\t\t\t<div class=\"col-inner\"  >\n\t\t\t\n\t\t\t\n\n  <div id=\"page-header-1857827808\" class=\"page-header-wrapper\">\n  <div class=\"page-title light simple-title\">\n\n    \n    <div class=\"page-title-inner container align-center text-center flex-row-col medium-flex-wrap\" >\n              <div class=\"title-wrapper flex-col\">\n          <h1 class=\"entry-title mb-0\">\n            CENTRALITAS &#8211; MAPEADO &#8211; KIT ADICIONAL          <\/h1>\n        <\/div>\n                    <div class=\"title-content flex-col\">\n              <\/div>\n    <\/div>\n\n       <\/div>\n    <\/div>\n  \n\n\t<div id=\"gap-2131075209\" class=\"gap-element clearfix\" style=\"display:block; height:auto;\">\n\t\t\n<style>\n#gap-2131075209 {\n  padding-top: 30px;\n}\n<\/style>\n\t<\/div>\n\t\n\n<p><strong>Para optimizar el rendimiento, pasa de tu ECU STANDAR a una ECU REPROGRAMADA.<\/strong><\/p>\n<p>En la actualidad, las motocicletas salen de f\u00e1brica meticulosamente ajustadas para cumplir con las normativas anticontaminaci\u00f3n y garantizar consumos eficientes. Este ajuste, que abarca la configuraci\u00f3n original de la moto, incluyendo elementos como el escape, el filtro de aire y el motor, se realiza con el objetivo de ofrecer un rendimiento equilibrado y acorde a las expectativas del usuario.<\/p>\n<p>\u00a0<\/p>\n\n\t\t<\/div>\n\t\t\t\t\t<\/div>\n\n\t\n\n<\/div>\n<div class=\"row\"  id=\"row-2071220837\">\n\n\n\t<div id=\"col-1709568412\" class=\"col medium-6 small-12 large-6\"  >\n\t\t\t\t<div class=\"col-inner\"  >\n\t\t\t\n\t\t\t\n\n<div class=\"container section-title-container\" ><h3 class=\"section-title section-title-center\"><b><\/b><span class=\"section-title-main\" >Reprogramaci\u00f3n de centralitas<\/span><b><\/b><\/h3><\/div>\n\n<p>La reprogramaci\u00f3n de centralitas es ideal para optimizar el rendimiento del motor motivado por distintas razones: cambio de filtro de aire, cambio de colectores de escape, colas de escape, db killer s\u00ed o no&#8230;etc. Estos cambios que se realizan en las motos buscando un mejor rendimiento, a veces provocan el efecto contrario. El motivo es la desincronizaci\u00f3n de los tiempos y nuevos par\u00e1metros que registra la moto y que deben ser reajustados para su optimizaci\u00f3n.<\/p>\n<p>Con la reprogramaci\u00f3n de la centralitas nuestro objetivo es optimizar el rendimiento del motor, para ello seguimos el mismo proceso que en las centralitas adiciones:\u00a0<\/p>\n<p>1\u00ba Subimos la moto al banco de potencia para concretar los valores del motor seg\u00fan los par\u00e1metros que estudiamos para la repro. Esta herramienta arroja datos sorprendentes para poder trabajar con la centralita y la gr\u00e1fica inicial de trabajo.<\/p>\n<p>2\u00ba Ajustamos los valores en base a la preparaci\u00f3n de cada moto. Influyen filtros, l\u00edneas de escape, colas, etc en los datos por lo que hacemos un reajuste para optimizar el rendimiento.<\/p>\n<p>3\u00ba Grabamos la centralita con los nuevos par\u00e1metros y sacamos la gr\u00e1fica final del banco de potencia.<\/p>\n<p>\u00a0<\/p>\n\n\t\t<\/div>\n\t\t\t\t\t<\/div>\n\n\t\n\n\t<div id=\"col-909297398\" class=\"col medium-6 small-12 large-6\"  >\n\t\t\t\t<div class=\"col-inner\"  >\n\t\t\t\n\t\t\t\n\n<div class=\"container section-title-container\" ><h3 class=\"section-title section-title-center\"><b><\/b><span class=\"section-title-main\" >KIT CENTRALITA ADICIONAL<\/span><b><\/b><\/h3><\/div>\n\n<p>La centralita adicional es un paso m\u00e1s en la mejora del rendimiento de la moto y tiene la posibilidad de ajustar multitud de par\u00e1metros. Es ideal para aquellos pilotos que utilizan la moto en circuito con continuidad o simplemente desean tener la moto m\u00e1s puntera.<\/p>\n<p>Adicionalmente conectamos una centralita con multitud de parametros a ajustar ofreciendo multitud de posiblidades para mejorar el rendimiento al m\u00e1ximo. Ofrecemos ademas la formaci\u00f3n para la capacitaci\u00f3n mediante una formaci\u00f3n de los ajustes a realizar de manera que puedas afinar al m\u00e1ximo todos los detalles.<\/p>\n\n\t\t<\/div>\n\t\t\t\t\t<\/div>\n\n\t\n\n<\/div>\n\t<section class=\"section\" id=\"section_1919708519\">\n\t\t<div class=\"bg section-bg fill bg-fill  bg-loaded\" >\n\n\t\t\t\n\t\t\t\n\t\t\t\n\n\t\t<\/div>\n\n\t\t\n\n\t\t<div class=\"section-content relative\">\n\t\t\t\n\n<a href=\"https:\/\/wa.me\/34654837814\" target=\"_self\" class=\"button secondary\"  style=\"border-radius:99px;\">\n    <span>pedir cita<\/span>\n  <\/a>\n\n\n\n\t\t<\/div>\n\n\t\t\n<style>\n#section_1919708519 {\n  padding-top: 30px;\n  padding-bottom: 30px;\n  background-color: #ffd727;\n}\n<\/style>\n\t<\/section>\n\t\n<div class=\"row\"  id=\"row-1922162447\">\n\n\n\t<div id=\"col-1247845444\" class=\"col small-12 large-12\"  >\n\t\t\t\t<div class=\"col-inner text-center\"  >\n\t\t\t\n\t\t\t\n\n<a href=\"\/en\/contacto\/\" target=\"_self\" class=\"button secondary\"  style=\"border-radius:99px;\">\n    <span>MEJORA EL RENDIMIENTO DE TU MOTOR<\/span>\n  <\/a>\n\n\n\n\t\t<\/div>\n\t\t\t\t\t<\/div>\n\n\t\n\n<\/div>\n\n  <div class=\"banner has-hover has-parallax\" id=\"banner-1949648764\">\n          <div class=\"banner-inner fill\">\n        <div class=\"banner-bg fill\" data-parallax=\"-10\" data-parallax-container=\".banner\" data-parallax-background>\n            <div class=\"bg fill bg-fill\"><\/div>\n                        <div class=\"overlay\"><\/div>            \n                    <\/div>\n\t\t\n        <div class=\"banner-layers container\">\n            <div class=\"fill banner-link\"><\/div>            \n\n   <div id=\"text-box-1925836756\" class=\"text-box banner-layer x50 md-x50 lg-x50 y50 md-y50 lg-y50 res-text\">\n                                <div class=\"text-box-content text dark\">\n              \n              <div class=\"text-inner text-center\">\n                  \n\n\t<div id=\"text-394542337\" class=\"text\">\n\t\t\n\n<h3>Optimize the performance of your engine.<\/h3>\n<h3>Improves your performance. Contact us!<\/h3>\n\t\t\n<style>\n#text-394542337 {\n  text-align: center;\n}\n<\/style>\n\t<\/div>\n\t\n<a href=\"\/en\/contacto\/\" target=\"_self\" class=\"button primary\"  style=\"border-radius:99px;\">\n    <span>Contact<\/span>\n  <\/a>\n\n\n\n              <\/div>\n           <\/div>\n                            \n<style>\n#text-box-1925836756 {\n  width: 60%;\n}\n#text-box-1925836756 .text-box-content {\n  font-size: 100%;\n}\n<\/style>\n    <\/div>\n \n\n        <\/div>\n      <\/div>\n\n            \n<style>\n#banner-1949648764 {\n  padding-top: 500px;\n}\n#banner-1949648764 .bg.bg-loaded {\n  background-image: url(https:\/\/repromoto.es\/wp-content\/uploads\/2023\/09\/JC1.15.jpg);\n}\n#banner-1949648764 .overlay {\n  background-color: rgba(0, 0, 0, 0.8);\n}\n<\/style>\n  <\/div>","protected":false},"excerpt":{"rendered":"","protected":false},"author":1,"featured_media":0,"parent":0,"menu_order":0,"comment_status":"closed","ping_status":"closed","template":"page-blank.php","meta":{"_joinchat":[],"footnotes":""},"class_list":["post-133","page","type-page","status-publish","hentry"],"_links":{"self":[{"href":"https:\/\/repromoto.es\/en\/wp-json\/wp\/v2\/pages\/133","targetHints":{"allow":["GET"]}}],"collection":[{"href":"https:\/\/repromoto.es\/en\/wp-json\/wp\/v2\/pages"}],"about":[{"href":"https:\/\/repromoto.es\/en\/wp-json\/wp\/v2\/types\/page"}],"author":[{"embeddable":true,"href":"https:\/\/repromoto.es\/en\/wp-json\/wp\/v2\/users\/1"}],"replies":[{"embeddable":true,"href":"https:\/\/repromoto.es\/en\/wp-json\/wp\/v2\/comments?post=133"}],"version-history":[{"count":8,"href":"https:\/\/repromoto.es\/en\/wp-json\/wp\/v2\/pages\/133\/revisions"}],"predecessor-version":[{"id":252,"href":"https:\/\/repromoto.es\/en\/wp-json\/wp\/v2\/pages\/133\/revisions\/252"}],"wp:attachment":[{"href":"https:\/\/repromoto.es\/en\/wp-json\/wp\/v2\/media?parent=133"}],"curies":[{"name":"wp","href":"https:\/\/api.w.org\/{rel}","templated":true}]}}