{"id":126,"date":"2023-10-06T14:18:02","date_gmt":"2023-10-06T12:18:02","guid":{"rendered":"https:\/\/jc1motorsport.com\/?page_id=126"},"modified":"2023-10-06T14:18:03","modified_gmt":"2023-10-06T12:18:03","slug":"trabajos-en-la-culata","status":"publish","type":"page","link":"https:\/\/repromoto.es\/en\/trabajos-en-la-culata\/","title":{"rendered":"WORK ON THE HEAD"},"content":{"rendered":"<div class=\"slider-wrapper relative\" id=\"slider-737219527\" >\n    <div class=\"slider slider-nav-circle slider-nav-large slider-nav-light slider-style-normal\"\n        data-flickity-options='{            \"cellAlign\": \"center\",            \"imagesLoaded\": true,            \"lazyLoad\": 1,            \"freeScroll\": false,            \"wrapAround\": true,            \"autoPlay\": 6000,            \"pauseAutoPlayOnHover\" : true,            \"prevNextButtons\": true,            \"contain\" : true,            \"adaptiveHeight\" : true,            \"dragThreshold\" : 10,            \"percentPosition\": true,            \"pageDots\": true,            \"rightToLeft\": false,            \"draggable\": true,            \"selectedAttraction\": 0.1,            \"parallax\" : 0,            \"friction\": 0.6        }'\n        >\n        \n\n\t<div class=\"img has-hover x md-x lg-x y md-y lg-y\" id=\"image_2071715021\">\n\t\t\t\t\t\t\t\t<div class=\"img-inner image-cover dark\" style=\"padding-top:50%;\">\n\t\t\t<img loading=\"lazy\" decoding=\"async\" width=\"720\" height=\"601\" src=\"https:\/\/repromoto.es\/wp-content\/uploads\/2023\/09\/JC1.9.jpg\" class=\"attachment-original size-original\" alt=\"\" srcset=\"https:\/\/repromoto.es\/wp-content\/uploads\/2023\/09\/JC1.9.jpg 720w, https:\/\/repromoto.es\/wp-content\/uploads\/2023\/09\/JC1.9-600x501.jpg 600w, https:\/\/repromoto.es\/wp-content\/uploads\/2023\/09\/JC1.9-300x250.jpg 300w\" sizes=\"auto, (max-width: 720px) 100vw, 720px\" \/>\t\t\t\t\t\t\n\t\t\t\t\t<\/div>\n\t\t\t\t\t\t\t\t\n<style>\n#image_2071715021 {\n  width: 100%;\n}\n<\/style>\n\t<\/div>\n\t\n\n\t<div class=\"img has-hover x md-x lg-x y md-y lg-y\" id=\"image_2017490257\">\n\t\t\t\t\t\t\t\t<div class=\"img-inner image-cover dark\" style=\"padding-top:50%;\">\n\t\t\t<img loading=\"lazy\" decoding=\"async\" width=\"720\" height=\"751\" src=\"https:\/\/repromoto.es\/wp-content\/uploads\/2023\/09\/JC1.8.jpg\" class=\"attachment-original size-original\" alt=\"\" srcset=\"https:\/\/repromoto.es\/wp-content\/uploads\/2023\/09\/JC1.8.jpg 720w, https:\/\/repromoto.es\/wp-content\/uploads\/2023\/09\/JC1.8-600x626.jpg 600w, https:\/\/repromoto.es\/wp-content\/uploads\/2023\/09\/JC1.8-288x300.jpg 288w\" sizes=\"auto, (max-width: 720px) 100vw, 720px\" \/>\t\t\t\t\t\t\n\t\t\t\t\t<\/div>\n\t\t\t\t\t\t\t\t\n<style>\n#image_2017490257 {\n  width: 100%;\n}\n<\/style>\n\t<\/div>\n\t\n\n\t<div class=\"img has-hover x md-x lg-x y md-y lg-y\" id=\"image_298961152\">\n\t\t\t\t\t\t\t\t<div class=\"img-inner image-cover dark\" style=\"padding-top:50%;\">\n\t\t\t<img loading=\"lazy\" decoding=\"async\" width=\"720\" height=\"719\" src=\"https:\/\/repromoto.es\/wp-content\/uploads\/2023\/09\/JC1.1.jpg\" class=\"attachment-original size-original\" alt=\"\" srcset=\"https:\/\/repromoto.es\/wp-content\/uploads\/2023\/09\/JC1.1.jpg 720w, https:\/\/repromoto.es\/wp-content\/uploads\/2023\/09\/JC1.1-300x300.jpg 300w, https:\/\/repromoto.es\/wp-content\/uploads\/2023\/09\/JC1.1-100x100.jpg 100w, https:\/\/repromoto.es\/wp-content\/uploads\/2023\/09\/JC1.1-600x599.jpg 600w, https:\/\/repromoto.es\/wp-content\/uploads\/2023\/09\/JC1.1-150x150.jpg 150w\" sizes=\"auto, (max-width: 720px) 100vw, 720px\" \/>\t\t\t\t\t\t\n\t\t\t\t\t<\/div>\n\t\t\t\t\t\t\t\t\n<style>\n#image_298961152 {\n  width: 100%;\n}\n<\/style>\n\t<\/div>\n\t\n\n\n     <\/div>\n\n     <div class=\"loading-spin dark large centered\"><\/div>\n\n\t<\/div>\n\n\n<div class=\"row\"  id=\"row-1296206290\">\n\n\n\t<div id=\"col-1565254487\" class=\"col small-12 large-12\"  >\n\t\t\t\t<div class=\"col-inner\"  >\n\t\t\t\n\t\t\t\n\n  <div id=\"page-header-1095500949\" class=\"page-header-wrapper\">\n  <div class=\"page-title light simple-title\">\n\n    \n    <div class=\"page-title-inner container align-center text-center flex-row-col medium-flex-wrap\" >\n              <div class=\"title-wrapper flex-col\">\n          <h1 class=\"entry-title mb-0\">\n            WORK ON THE HEAD          <\/h1>\n        <\/div>\n                    <div class=\"title-content flex-col\">\n              <\/div>\n    <\/div>\n\n       <\/div>\n    <\/div>\n  \n\n\t<div id=\"gap-1152679984\" class=\"gap-element clearfix\" style=\"display:block; height:auto;\">\n\t\t\n<style>\n#gap-1152679984 {\n  padding-top: 30px;\n}\n<\/style>\n\t<\/div>\n\t\n\n<p><strong>Este es el especializado proceso de modificaci\u00f3n de los conductos de admisi\u00f3n y escape de la culata, verificando mediante BANCO DE FLUJO que dicho conducto tenga el mayor rendimiento fluidodimamico, obteniendo as\u00ed un gran aumento en la potencia del motor.<\/strong><\/p>\n<p>En este apartado podemos ajustar su nivel de preparaci\u00f3n seg\u00fan sus necesidades y presupuesto ya que el trabajo dedicado para realizarlas, variara, cambiando por tanto el precio del servicio.<\/p>\n<p>Tambi\u00e9n disponemos de toda maquinaria \u00a0necesaria para modificar y cambiar los asientos de culata, con el fin de obtener una \u00a0geometr\u00eda y cierres perfectos y en consecuencia un mejor rendimiento volum\u00e9trico que se traducir\u00e1 m\u00e1s potencia.<\/p>\n<p>La experiencia y el saber hacer de Davol Tecnologic conseguir\u00e1 que su motor este en lo m\u00e1s alto.<\/p>\n\n\t\t<\/div>\n\t\t\t\t\t<\/div>\n\n\t\n\n<\/div>\n<div class=\"row\"  id=\"row-1337061131\">\n\n\n\t<div id=\"col-1064670427\" class=\"col small-12 large-12\"  >\n\t\t\t\t<div class=\"col-inner text-center\"  >\n\t\t\t\n\t\t\t\n\n<a href=\"\/en\/contacto\/\" target=\"_self\" class=\"button secondary\"  style=\"border-radius:99px;\">\n    <span>I WANT A MORE POWERFUL ENGINE<\/span>\n  <\/a>\n\n\n\n\t\t<\/div>\n\t\t\t\t\t<\/div>\n\n\t\n\n<\/div>\n\n  <div class=\"banner has-hover has-parallax\" id=\"banner-2126028759\">\n          <div class=\"banner-inner fill\">\n        <div class=\"banner-bg fill\" data-parallax=\"-10\" data-parallax-container=\".banner\" data-parallax-background>\n            <div class=\"bg fill bg-fill\"><\/div>\n                        <div class=\"overlay\"><\/div>            \n                    <\/div>\n\t\t\n        <div class=\"banner-layers container\">\n            <div class=\"fill banner-link\"><\/div>            \n\n   <div id=\"text-box-1613722720\" class=\"text-box banner-layer x50 md-x50 lg-x50 y50 md-y50 lg-y50 res-text\">\n                                <div class=\"text-box-content text dark\">\n              \n              <div class=\"text-inner text-center\">\n                  \n\n\t<div id=\"text-1200455688\" class=\"text\">\n\t\t\n\n<h3>We have 360\u00ba solutions for motorcycles. Do you want more information? We will be happy to help you!<\/h3>\n\t\t\n<style>\n#text-1200455688 {\n  text-align: center;\n}\n<\/style>\n\t<\/div>\n\t\n<a href=\"\/en\/contacto\/\" target=\"_self\" class=\"button primary\"  style=\"border-radius:99px;\">\n    <span>Contact<\/span>\n  <\/a>\n\n\n\n              <\/div>\n           <\/div>\n                            \n<style>\n#text-box-1613722720 {\n  width: 60%;\n}\n#text-box-1613722720 .text-box-content {\n  font-size: 100%;\n}\n<\/style>\n    <\/div>\n \n\n        <\/div>\n      <\/div>\n\n            \n<style>\n#banner-2126028759 {\n  padding-top: 500px;\n}\n#banner-2126028759 .bg.bg-loaded {\n  background-image: url(https:\/\/repromoto.es\/wp-content\/uploads\/2023\/09\/JC1.15.jpg);\n}\n#banner-2126028759 .overlay {\n  background-color: rgba(0, 0, 0, 0.8);\n}\n<\/style>\n  <\/div>","protected":false},"excerpt":{"rendered":"","protected":false},"author":1,"featured_media":0,"parent":0,"menu_order":0,"comment_status":"closed","ping_status":"closed","template":"page-blank.php","meta":{"_joinchat":[],"footnotes":""},"class_list":["post-126","page","type-page","status-publish","hentry"],"_links":{"self":[{"href":"https:\/\/repromoto.es\/en\/wp-json\/wp\/v2\/pages\/126","targetHints":{"allow":["GET"]}}],"collection":[{"href":"https:\/\/repromoto.es\/en\/wp-json\/wp\/v2\/pages"}],"about":[{"href":"https:\/\/repromoto.es\/en\/wp-json\/wp\/v2\/types\/page"}],"author":[{"embeddable":true,"href":"https:\/\/repromoto.es\/en\/wp-json\/wp\/v2\/users\/1"}],"replies":[{"embeddable":true,"href":"https:\/\/repromoto.es\/en\/wp-json\/wp\/v2\/comments?post=126"}],"version-history":[{"count":2,"href":"https:\/\/repromoto.es\/en\/wp-json\/wp\/v2\/pages\/126\/revisions"}],"predecessor-version":[{"id":128,"href":"https:\/\/repromoto.es\/en\/wp-json\/wp\/v2\/pages\/126\/revisions\/128"}],"wp:attachment":[{"href":"https:\/\/repromoto.es\/en\/wp-json\/wp\/v2\/media?parent=126"}],"curies":[{"name":"wp","href":"https:\/\/api.w.org\/{rel}","templated":true}]}}